{"id":57,"date":"2020-03-10T18:15:43","date_gmt":"2020-03-10T17:15:43","guid":{"rendered":"http:\/\/kabinysanitarne.net.pl\/?page_id=57"},"modified":"2020-03-10T18:21:36","modified_gmt":"2020-03-10T17:21:36","slug":"nasza-oferta","status":"publish","type":"page","link":"http:\/\/kabinysanitarne.net.pl\/?page_id=57","title":{"rendered":"Nasza oferta"},"content":{"rendered":"\t\t<div data-elementor-type=\"wp-page\" data-elementor-id=\"57\" class=\"elementor elementor-57\">\n\t\t\t\t\t\t<div class=\"elementor-inner\">\n\t\t\t\t<div class=\"elementor-section-wrap\">\n\t\t\t\t\t\t\t\t\t<section class=\"elementor-section elementor-top-section elementor-element elementor-element-6aa7889 elementor-section-boxed elementor-section-height-default elementor-section-height-default\" data-id=\"6aa7889\" data-element_type=\"section\">\n\t\t\t\t\t\t<div class=\"elementor-container elementor-column-gap-default\">\n\t\t\t\t\t\t\t<div class=\"elementor-row\">\n\t\t\t\t\t<div class=\"elementor-column elementor-col-100 elementor-top-column elementor-element elementor-element-103c38a\" data-id=\"103c38a\" data-element_type=\"column\">\n\t\t\t<div class=\"elementor-column-wrap elementor-element-populated\">\n\t\t\t\t\t\t\t<div class=\"elementor-widget-wrap\">\n\t\t\t\t\t\t<div class=\"elementor-element elementor-element-cadc8d6 elementor-widget elementor-widget-text-editor\" data-id=\"cadc8d6\" data-element_type=\"widget\" data-widget_type=\"text-editor.default\">\n\t\t\t\t<div class=\"elementor-widget-container\">\n\t\t\t\t\t\t\t\t<div class=\"elementor-text-editor elementor-clearfix\">\n\t\t\t\t<p>Oferujemy szerokie spektrum rozwi\u0105za\u0144 w zakresie system\u00f3w kabin sanitarnych oraz r\u00f3\u017cnego typu szafek.<\/p><p>Zapraszamy do zapoznania si\u0119 z ofert\u0105.<\/p>\t\t\t\t\t<\/div>\n\t\t\t\t\t\t<\/div>\n\t\t\t\t<\/div>\n\t\t\t\t\t\t<\/div>\n\t\t\t\t\t<\/div>\n\t\t<\/div>\n\t\t\t\t\t\t\t\t<\/div>\n\t\t\t\t\t<\/div>\n\t\t<\/section>\n\t\t\t\t<section class=\"elementor-section elementor-top-section elementor-element elementor-element-f8a1aab elementor-section-boxed elementor-section-height-default elementor-section-height-default\" data-id=\"f8a1aab\" data-element_type=\"section\">\n\t\t\t\t\t\t<div class=\"elementor-container elementor-column-gap-default\">\n\t\t\t\t\t\t\t<div class=\"elementor-row\">\n\t\t\t\t\t<div class=\"elementor-column elementor-col-50 elementor-top-column elementor-element elementor-element-59a86df\" data-id=\"59a86df\" data-element_type=\"column\">\n\t\t\t<div class=\"elementor-column-wrap elementor-element-populated\">\n\t\t\t\t\t\t\t<div class=\"elementor-widget-wrap\">\n\t\t\t\t\t\t<div class=\"elementor-element elementor-element-7a80ed9 elementor-widget elementor-widget-heading\" data-id=\"7a80ed9\" data-element_type=\"widget\" data-widget_type=\"heading.default\">\n\t\t\t\t<div class=\"elementor-widget-container\">\n\t\t\t<h3 class=\"elementor-heading-title elementor-size-default\">Kabiny sanitarne<\/h3>\t\t<\/div>\n\t\t\t\t<\/div>\n\t\t\t\t\t\t<\/div>\n\t\t\t\t\t<\/div>\n\t\t<\/div>\n\t\t\t\t<div class=\"elementor-column elementor-col-50 elementor-top-column elementor-element elementor-element-ece7669\" data-id=\"ece7669\" data-element_type=\"column\">\n\t\t\t<div class=\"elementor-column-wrap elementor-element-populated\">\n\t\t\t\t\t\t\t<div class=\"elementor-widget-wrap\">\n\t\t\t\t\t\t<div class=\"elementor-element elementor-element-ebf79af elementor-widget elementor-widget-heading\" data-id=\"ebf79af\" data-element_type=\"widget\" data-widget_type=\"heading.default\">\n\t\t\t\t<div class=\"elementor-widget-container\">\n\t\t\t<h3 class=\"elementor-heading-title elementor-size-default\">Szafki fitness i basenowe<\/h3>\t\t<\/div>\n\t\t\t\t<\/div>\n\t\t\t\t\t\t<\/div>\n\t\t\t\t\t<\/div>\n\t\t<\/div>\n\t\t\t\t\t\t\t\t<\/div>\n\t\t\t\t\t<\/div>\n\t\t<\/section>\n\t\t\t\t<section class=\"elementor-section elementor-top-section elementor-element elementor-element-bfa544c elementor-section-boxed elementor-section-height-default elementor-section-height-default\" data-id=\"bfa544c\" data-element_type=\"section\">\n\t\t\t\t\t\t<div class=\"elementor-container elementor-column-gap-default\">\n\t\t\t\t\t\t\t<div class=\"elementor-row\">\n\t\t\t\t\t<div class=\"elementor-column elementor-col-50 elementor-top-column elementor-element elementor-element-a88289b\" data-id=\"a88289b\" data-element_type=\"column\">\n\t\t\t<div class=\"elementor-column-wrap elementor-element-populated\">\n\t\t\t\t\t\t\t<div class=\"elementor-widget-wrap\">\n\t\t\t\t\t\t<div class=\"elementor-element elementor-element-2648462 elementor-widget elementor-widget-image\" data-id=\"2648462\" data-element_type=\"widget\" data-widget_type=\"image.default\">\n\t\t\t\t<div class=\"elementor-widget-container\">\n\t\t\t\t\t\t\t\t<div class=\"elementor-image\">\n\t\t\t\t\t\t\t\t\t\t\t\t<img decoding=\"async\" width=\"640\" height=\"360\" src=\"http:\/\/kabinysanitarne.net.pl\/wp-content\/uploads\/2020\/03\/hpl4_6-1024x576.jpg\" class=\"attachment-large size-large\" alt=\"\" loading=\"lazy\" srcset=\"http:\/\/kabinysanitarne.net.pl\/wp-content\/uploads\/2020\/03\/hpl4_6-1024x576.jpg 1024w, http:\/\/kabinysanitarne.net.pl\/wp-content\/uploads\/2020\/03\/hpl4_6-300x169.jpg 300w, http:\/\/kabinysanitarne.net.pl\/wp-content\/uploads\/2020\/03\/hpl4_6-768x432.jpg 768w, http:\/\/kabinysanitarne.net.pl\/wp-content\/uploads\/2020\/03\/hpl4_6.jpg 1238w\" sizes=\"(max-width: 640px) 100vw, 640px\" \/>\t\t\t\t\t\t\t\t\t\t\t\t\t\t<\/div>\n\t\t\t\t\t\t<\/div>\n\t\t\t\t<\/div>\n\t\t\t\t\t\t<\/div>\n\t\t\t\t\t<\/div>\n\t\t<\/div>\n\t\t\t\t<div class=\"elementor-column elementor-col-50 elementor-top-column elementor-element elementor-element-9a9a431\" data-id=\"9a9a431\" data-element_type=\"column\">\n\t\t\t<div class=\"elementor-column-wrap elementor-element-populated\">\n\t\t\t\t\t\t\t<div class=\"elementor-widget-wrap\">\n\t\t\t\t\t\t<div class=\"elementor-element elementor-element-23cad73 elementor-widget elementor-widget-image\" data-id=\"23cad73\" data-element_type=\"widget\" data-widget_type=\"image.default\">\n\t\t\t\t<div class=\"elementor-widget-container\">\n\t\t\t\t\t\t\t\t<div class=\"elementor-image\">\n\t\t\t\t\t\t\t\t\t\t\t\t<img decoding=\"async\" width=\"640\" height=\"359\" src=\"http:\/\/kabinysanitarne.net.pl\/wp-content\/uploads\/2020\/03\/hpl4_5-1024x575.jpg\" class=\"attachment-large size-large\" alt=\"\" loading=\"lazy\" srcset=\"http:\/\/kabinysanitarne.net.pl\/wp-content\/uploads\/2020\/03\/hpl4_5-1024x575.jpg 1024w, http:\/\/kabinysanitarne.net.pl\/wp-content\/uploads\/2020\/03\/hpl4_5-300x168.jpg 300w, http:\/\/kabinysanitarne.net.pl\/wp-content\/uploads\/2020\/03\/hpl4_5-768x431.jpg 768w, http:\/\/kabinysanitarne.net.pl\/wp-content\/uploads\/2020\/03\/hpl4_5.jpg 1240w\" sizes=\"(max-width: 640px) 100vw, 640px\" \/>\t\t\t\t\t\t\t\t\t\t\t\t\t\t<\/div>\n\t\t\t\t\t\t<\/div>\n\t\t\t\t<\/div>\n\t\t\t\t\t\t<\/div>\n\t\t\t\t\t<\/div>\n\t\t<\/div>\n\t\t\t\t\t\t\t\t<\/div>\n\t\t\t\t\t<\/div>\n\t\t<\/section>\n\t\t\t\t\t\t\t\t\t<\/div>\n\t\t\t<\/div>\n\t\t\t\t\t<\/div>\n\t\t","protected":false},"excerpt":{"rendered":"<p>Oferujemy szerokie spektrum rozwi\u0105za\u0144 w zakresie system\u00f3w kabin sanitarnych oraz r\u00f3\u017cnego typu szafek. Zapraszamy do zapoznania si\u0119 z ofert\u0105. Kabiny sanitarne Szafki fitness i basenowe<\/p>\n","protected":false},"author":1,"featured_media":0,"parent":0,"menu_order":0,"comment_status":"closed","ping_status":"closed","template":"","meta":{"_monsterinsights_skip_tracking":false,"_monsterinsights_sitenote_active":false,"_monsterinsights_sitenote_note":"","_monsterinsights_sitenote_category":0},"_links":{"self":[{"href":"http:\/\/kabinysanitarne.net.pl\/index.php?rest_route=\/wp\/v2\/pages\/57"}],"collection":[{"href":"http:\/\/kabinysanitarne.net.pl\/index.php?rest_route=\/wp\/v2\/pages"}],"about":[{"href":"http:\/\/kabinysanitarne.net.pl\/index.php?rest_route=\/wp\/v2\/types\/page"}],"author":[{"embeddable":true,"href":"http:\/\/kabinysanitarne.net.pl\/index.php?rest_route=\/wp\/v2\/users\/1"}],"replies":[{"embeddable":true,"href":"http:\/\/kabinysanitarne.net.pl\/index.php?rest_route=%2Fwp%2Fv2%2Fcomments&post=57"}],"version-history":[{"count":4,"href":"http:\/\/kabinysanitarne.net.pl\/index.php?rest_route=\/wp\/v2\/pages\/57\/revisions"}],"predecessor-version":[{"id":63,"href":"http:\/\/kabinysanitarne.net.pl\/index.php?rest_route=\/wp\/v2\/pages\/57\/revisions\/63"}],"wp:attachment":[{"href":"http:\/\/kabinysanitarne.net.pl\/index.php?rest_route=%2Fwp%2Fv2%2Fmedia&parent=57"}],"curies":[{"name":"wp","href":"https:\/\/api.w.org\/{rel}","templated":true}]}}