{"id":13,"date":"2020-03-08T23:40:32","date_gmt":"2020-03-08T22:40:32","guid":{"rendered":"http:\/\/kabinysanitarne.net.pl\/?page_id=13"},"modified":"2020-07-06T21:51:48","modified_gmt":"2020-07-06T19:51:48","slug":"szafki","status":"publish","type":"page","link":"http:\/\/kabinysanitarne.net.pl\/?page_id=13","title":{"rendered":"Szafki"},"content":{"rendered":"\t\t<div data-elementor-type=\"wp-page\" data-elementor-id=\"13\" class=\"elementor elementor-13\">\n\t\t\t\t\t\t<div class=\"elementor-inner\">\n\t\t\t\t<div class=\"elementor-section-wrap\">\n\t\t\t\t\t\t\t\t\t<section class=\"elementor-section elementor-top-section elementor-element elementor-element-4d7bea2 elementor-section-boxed elementor-section-height-default elementor-section-height-default\" data-id=\"4d7bea2\" data-element_type=\"section\">\n\t\t\t\t\t\t<div class=\"elementor-container elementor-column-gap-default\">\n\t\t\t\t\t\t\t<div class=\"elementor-row\">\n\t\t\t\t\t<div class=\"elementor-column elementor-col-100 elementor-top-column elementor-element elementor-element-36232a9\" data-id=\"36232a9\" data-element_type=\"column\">\n\t\t\t<div class=\"elementor-column-wrap elementor-element-populated\">\n\t\t\t\t\t\t\t<div class=\"elementor-widget-wrap\">\n\t\t\t\t\t\t<div class=\"elementor-element elementor-element-4f972c6 elementor-widget elementor-widget-text-editor\" data-id=\"4f972c6\" data-element_type=\"widget\" data-widget_type=\"text-editor.default\">\n\t\t\t\t<div class=\"elementor-widget-container\">\n\t\t\t\t\t\t\t\t<div class=\"elementor-text-editor elementor-clearfix\">\n\t\t\t\t<p>W ofercie naszej firmy znajdziecie Pa\u0144stwo r\u00f3\u017cnego typu szafki, przede wszystkim basenowe i fitness. Szafki mog\u0105 by\u0107 przeznaczone do pomieszcze\u0144 wilgotnych (basenowe), i suchych (fitness, szkolne). Od przeznaczenia szafek zale\u017cy u\u017cyty do ich produkcji materia\u0142 oraz ich typ (kszta\u0142t, uk\u0142ad). Podobnie, jak w przypadku kabin sanitarnych, podstawowym materia\u0142em jest laminat HPL, kt\u00f3rego w\u0142a\u015bciwo\u015bci doskonale sprawdzaj\u0105 si\u0119 r\u00f3wnie\u017c w tym wypadku. Szafki mog\u0105 by\u0107 \u0142\u0105czone w systemy, montowane w uk\u0142adzie prostym lub naro\u017cnym. Warto pami\u0119ta\u0107, \u017ce trwa\u0142o\u015b\u0107 szafek zale\u017cy nie tylko od p\u0142yty, z kt\u00f3rej s\u0105 produkowane, ale tak\u017ce od zastosowanych akcesori\u00f3w, przede wszystkim zamk\u00f3w &#8211; w naszych realizacjach zawsze dbamy o jak najlepszej jako\u015bci akcesoria.<\/p>\t\t\t\t\t<\/div>\n\t\t\t\t\t\t<\/div>\n\t\t\t\t<\/div>\n\t\t\t\t\t\t<\/div>\n\t\t\t\t\t<\/div>\n\t\t<\/div>\n\t\t\t\t\t\t\t\t<\/div>\n\t\t\t\t\t<\/div>\n\t\t<\/section>\n\t\t\t\t<section class=\"elementor-section elementor-top-section elementor-element elementor-element-6f7ff7c elementor-section-boxed elementor-section-height-default elementor-section-height-default\" data-id=\"6f7ff7c\" data-element_type=\"section\">\n\t\t\t\t\t\t<div class=\"elementor-container elementor-column-gap-default\">\n\t\t\t\t\t\t\t<div class=\"elementor-row\">\n\t\t\t\t\t<div class=\"elementor-column elementor-col-100 elementor-top-column elementor-element elementor-element-748e66a\" data-id=\"748e66a\" data-element_type=\"column\">\n\t\t\t<div class=\"elementor-column-wrap elementor-element-populated\">\n\t\t\t\t\t\t\t<div class=\"elementor-widget-wrap\">\n\t\t\t\t\t\t<div class=\"elementor-element elementor-element-2875786 elementor-widget elementor-widget-spacer\" data-id=\"2875786\" data-element_type=\"widget\" data-widget_type=\"spacer.default\">\n\t\t\t\t<div class=\"elementor-widget-container\">\n\t\t\t\t\t<div class=\"elementor-spacer\">\n\t\t\t<div class=\"elementor-spacer-inner\"><\/div>\n\t\t<\/div>\n\t\t\t\t<\/div>\n\t\t\t\t<\/div>\n\t\t\t\t\t\t<\/div>\n\t\t\t\t\t<\/div>\n\t\t<\/div>\n\t\t\t\t\t\t\t\t<\/div>\n\t\t\t\t\t<\/div>\n\t\t<\/section>\n\t\t\t\t<section class=\"elementor-section elementor-top-section elementor-element elementor-element-df39654 elementor-section-boxed elementor-section-height-default elementor-section-height-default\" data-id=\"df39654\" data-element_type=\"section\">\n\t\t\t\t\t\t<div class=\"elementor-container elementor-column-gap-default\">\n\t\t\t\t\t\t\t<div class=\"elementor-row\">\n\t\t\t\t\t<div class=\"elementor-column elementor-col-100 elementor-top-column elementor-element elementor-element-eb30b2f\" data-id=\"eb30b2f\" data-element_type=\"column\">\n\t\t\t<div class=\"elementor-column-wrap elementor-element-populated\">\n\t\t\t\t\t\t\t<div class=\"elementor-widget-wrap\">\n\t\t\t\t\t\t<div class=\"elementor-element elementor-element-386c561 elementor-widget elementor-widget-heading\" data-id=\"386c561\" data-element_type=\"widget\" data-widget_type=\"heading.default\">\n\t\t\t\t<div class=\"elementor-widget-container\">\n\t\t\t<h3 class=\"elementor-heading-title elementor-size-default\">Przyk\u0142adowe realizacje:<\/h3>\t\t<\/div>\n\t\t\t\t<\/div>\n\t\t\t\t\t\t<\/div>\n\t\t\t\t\t<\/div>\n\t\t<\/div>\n\t\t\t\t\t\t\t\t<\/div>\n\t\t\t\t\t<\/div>\n\t\t<\/section>\n\t\t\t\t<section class=\"elementor-section elementor-top-section elementor-element elementor-element-f7a1fc4 elementor-section-boxed elementor-section-height-default elementor-section-height-default\" data-id=\"f7a1fc4\" data-element_type=\"section\">\n\t\t\t\t\t\t<div class=\"elementor-container elementor-column-gap-default\">\n\t\t\t\t\t\t\t<div class=\"elementor-row\">\n\t\t\t\t\t<div class=\"elementor-column elementor-col-100 elementor-top-column elementor-element elementor-element-c4ebba1\" data-id=\"c4ebba1\" data-element_type=\"column\">\n\t\t\t<div class=\"elementor-column-wrap elementor-element-populated\">\n\t\t\t\t\t\t\t<div class=\"elementor-widget-wrap\">\n\t\t\t\t\t\t<div class=\"elementor-element elementor-element-4e8e9cf elementor-widget elementor-widget-image-gallery\" data-id=\"4e8e9cf\" data-element_type=\"widget\" data-widget_type=\"image-gallery.default\">\n\t\t\t\t<div class=\"elementor-widget-container\">\n\t\t\t\t\t<div class=\"elementor-image-gallery\">\n\t\t\t<div id='gallery-1' class='gallery galleryid-13 gallery-columns-3 gallery-size-medium_large'><figure class='gallery-item'>\n\t\t\t<div class='gallery-icon landscape'>\n\t\t\t\t<a data-elementor-open-lightbox=\"yes\" data-elementor-lightbox-slideshow=\"4e8e9cf\" data-elementor-lightbox-title=\"hpl4_11\" e-action-hash=\"#elementor-action%3Aaction%3Dlightbox%26settings%3DeyJpZCI6NzksInVybCI6Imh0dHA6XC9cL2thYmlueXNhbml0YXJuZS5uZXQucGxcL3dwLWNvbnRlbnRcL3VwbG9hZHNcLzIwMjBcLzAzXC9ocGw0XzExLmpwZWciLCJzbGlkZXNob3ciOiI0ZThlOWNmIn0%3D\" href='http:\/\/kabinysanitarne.net.pl\/wp-content\/uploads\/2020\/03\/hpl4_11.jpeg'><img width=\"640\" height=\"384\" src=\"http:\/\/kabinysanitarne.net.pl\/wp-content\/uploads\/2020\/03\/hpl4_11-768x461.jpeg\" class=\"attachment-medium_large size-medium_large\" alt=\"\" decoding=\"async\" loading=\"lazy\" srcset=\"http:\/\/kabinysanitarne.net.pl\/wp-content\/uploads\/2020\/03\/hpl4_11-768x461.jpeg 768w, http:\/\/kabinysanitarne.net.pl\/wp-content\/uploads\/2020\/03\/hpl4_11-300x180.jpeg 300w, http:\/\/kabinysanitarne.net.pl\/wp-content\/uploads\/2020\/03\/hpl4_11.jpeg 800w\" sizes=\"(max-width: 640px) 100vw, 640px\" \/><\/a>\n\t\t\t<\/div><\/figure><figure class='gallery-item'>\n\t\t\t<div class='gallery-icon landscape'>\n\t\t\t\t<a data-elementor-open-lightbox=\"yes\" data-elementor-lightbox-slideshow=\"4e8e9cf\" data-elementor-lightbox-title=\"hpl4_12\" e-action-hash=\"#elementor-action%3Aaction%3Dlightbox%26settings%3DeyJpZCI6ODAsInVybCI6Imh0dHA6XC9cL2thYmlueXNhbml0YXJuZS5uZXQucGxcL3dwLWNvbnRlbnRcL3VwbG9hZHNcLzIwMjBcLzAzXC9ocGw0XzEyLmpwZyIsInNsaWRlc2hvdyI6IjRlOGU5Y2YifQ%3D%3D\" href='http:\/\/kabinysanitarne.net.pl\/wp-content\/uploads\/2020\/03\/hpl4_12.jpg'><img width=\"640\" height=\"384\" src=\"http:\/\/kabinysanitarne.net.pl\/wp-content\/uploads\/2020\/03\/hpl4_12-768x461.jpg\" class=\"attachment-medium_large size-medium_large\" alt=\"\" decoding=\"async\" loading=\"lazy\" srcset=\"http:\/\/kabinysanitarne.net.pl\/wp-content\/uploads\/2020\/03\/hpl4_12-768x461.jpg 768w, http:\/\/kabinysanitarne.net.pl\/wp-content\/uploads\/2020\/03\/hpl4_12-300x180.jpg 300w, http:\/\/kabinysanitarne.net.pl\/wp-content\/uploads\/2020\/03\/hpl4_12.jpg 800w\" sizes=\"(max-width: 640px) 100vw, 640px\" \/><\/a>\n\t\t\t<\/div><\/figure><figure class='gallery-item'>\n\t\t\t<div class='gallery-icon landscape'>\n\t\t\t\t<a data-elementor-open-lightbox=\"yes\" data-elementor-lightbox-slideshow=\"4e8e9cf\" data-elementor-lightbox-title=\"hpl4_10\" e-action-hash=\"#elementor-action%3Aaction%3Dlightbox%26settings%3DeyJpZCI6ODIsInVybCI6Imh0dHA6XC9cL2thYmlueXNhbml0YXJuZS5uZXQucGxcL3dwLWNvbnRlbnRcL3VwbG9hZHNcLzIwMjBcLzAzXC9ocGw0XzEwLTEuanBnIiwic2xpZGVzaG93IjoiNGU4ZTljZiJ9\" href='http:\/\/kabinysanitarne.net.pl\/wp-content\/uploads\/2020\/03\/hpl4_10-1.jpg'><img width=\"640\" height=\"384\" src=\"http:\/\/kabinysanitarne.net.pl\/wp-content\/uploads\/2020\/03\/hpl4_10-1-768x461.jpg\" class=\"attachment-medium_large size-medium_large\" alt=\"\" decoding=\"async\" loading=\"lazy\" srcset=\"http:\/\/kabinysanitarne.net.pl\/wp-content\/uploads\/2020\/03\/hpl4_10-1-768x461.jpg 768w, http:\/\/kabinysanitarne.net.pl\/wp-content\/uploads\/2020\/03\/hpl4_10-1-300x180.jpg 300w, http:\/\/kabinysanitarne.net.pl\/wp-content\/uploads\/2020\/03\/hpl4_10-1.jpg 800w\" sizes=\"(max-width: 640px) 100vw, 640px\" \/><\/a>\n\t\t\t<\/div><\/figure>\n\t\t<\/div>\n\t\t<\/div>\n\t\t\t\t<\/div>\n\t\t\t\t<\/div>\n\t\t\t\t\t\t<\/div>\n\t\t\t\t\t<\/div>\n\t\t<\/div>\n\t\t\t\t\t\t\t\t<\/div>\n\t\t\t\t\t<\/div>\n\t\t<\/section>\n\t\t\t\t\t\t\t\t\t<\/div>\n\t\t\t<\/div>\n\t\t\t\t\t<\/div>\n\t\t","protected":false},"excerpt":{"rendered":"<p>W ofercie naszej firmy znajdziecie Pa\u0144stwo r\u00f3\u017cnego typu szafki, przede wszystkim basenowe i fitness. Szafki mog\u0105 by\u0107 przeznaczone do pomieszcze\u0144 wilgotnych (basenowe), i suchych (fitness, [&hellip;]<\/p>\n","protected":false},"author":1,"featured_media":120,"parent":0,"menu_order":0,"comment_status":"closed","ping_status":"closed","template":"","meta":{"_monsterinsights_skip_tracking":false,"_monsterinsights_sitenote_active":false,"_monsterinsights_sitenote_note":"","_monsterinsights_sitenote_category":0},"_links":{"self":[{"href":"http:\/\/kabinysanitarne.net.pl\/index.php?rest_route=\/wp\/v2\/pages\/13"}],"collection":[{"href":"http:\/\/kabinysanitarne.net.pl\/index.php?rest_route=\/wp\/v2\/pages"}],"about":[{"href":"http:\/\/kabinysanitarne.net.pl\/index.php?rest_route=\/wp\/v2\/types\/page"}],"author":[{"embeddable":true,"href":"http:\/\/kabinysanitarne.net.pl\/index.php?rest_route=\/wp\/v2\/users\/1"}],"replies":[{"embeddable":true,"href":"http:\/\/kabinysanitarne.net.pl\/index.php?rest_route=%2Fwp%2Fv2%2Fcomments&post=13"}],"version-history":[{"count":4,"href":"http:\/\/kabinysanitarne.net.pl\/index.php?rest_route=\/wp\/v2\/pages\/13\/revisions"}],"predecessor-version":[{"id":121,"href":"http:\/\/kabinysanitarne.net.pl\/index.php?rest_route=\/wp\/v2\/pages\/13\/revisions\/121"}],"wp:featuredmedia":[{"embeddable":true,"href":"http:\/\/kabinysanitarne.net.pl\/index.php?rest_route=\/wp\/v2\/media\/120"}],"wp:attachment":[{"href":"http:\/\/kabinysanitarne.net.pl\/index.php?rest_route=%2Fwp%2Fv2%2Fmedia&parent=13"}],"curies":[{"name":"wp","href":"https:\/\/api.w.org\/{rel}","templated":true}]}}